{"id":249,"date":"2022-08-11T11:06:08","date_gmt":"2022-08-11T11:06:08","guid":{"rendered":"https:\/\/bitfirma.com\/?page_id=249"},"modified":"2022-08-11T11:17:54","modified_gmt":"2022-08-11T11:17:54","slug":"pack-starter","status":"publish","type":"page","link":"https:\/\/bitfirma.com\/index.php\/pack-starter\/","title":{"rendered":"Pack STARTER"},"content":{"rendered":"<p>[et_pb_section fb_built=&#8221;1&#8243; specialty=&#8221;on&#8221; _builder_version=&#8221;4.9.4&#8243; _module_preset=&#8221;default&#8221;][et_pb_column type=&#8221;1_3&#8243; _builder_version=&#8221;3.25&#8243; custom_padding=&#8221;|||&#8221; custom_padding__hover=&#8221;|||&#8221;][et_pb_pricing_tables featured_table_background_color=&#8221;RGBA(0,0,0,0)&#8221; header_background_color=&#8221;rgba(0,0,0,0)&#8221; show_bullet=&#8221;off&#8221; _builder_version=&#8221;4.9.4&#8243; currency_frequency_text_color=&#8221;#9271f6&#8243; price_text_color=&#8221;#9271f6&#8243; subheader_text_color=&#8221;#8585bd&#8221; body_text_color=&#8221;#8585bd&#8221; header_text_color=&#8221;#2e2545&#8243; header_font=&#8221;|on|||&#8221; header_font_size=&#8221;20px&#8221; header_line_height=&#8221;2.7em&#8221; body_font_size=&#8221;16px&#8221; body_line_height=&#8221;19px&#8221; subheader_font=&#8221;|on|||&#8221; subheader_font_size=&#8221;14px&#8221; price_font=&#8221;|on|||&#8221; price_line_height=&#8221;54px&#8221; currency_frequency_font=&#8221;|on|||&#8221; currency_frequency_font_size=&#8221;26px&#8221; custom_button=&#8221;on&#8221; button_text_size=&#8221;16px&#8221; button_text_color=&#8221;#ffffff&#8221; button_bg_color=&#8221;#09e1c0&#8243; button_border_width=&#8221;10px&#8221; button_border_color=&#8221;#09e1c0&#8243; button_border_radius=&#8221;100px&#8221; button_letter_spacing=&#8221;1px&#8221; button_font=&#8221;|on||on|&#8221; button_use_icon=&#8221;off&#8221; text_orientation=&#8221;center&#8221; custom_margin=&#8221;|||&#8221; custom_padding=&#8221;61px||||false|false&#8221; animation_style=&#8221;zoom&#8221; animation_direction=&#8221;bottom&#8221; animation_intensity_zoom=&#8221;10%&#8221; animation_starting_opacity=&#8221;100%&#8221; hover_enabled=&#8221;0&#8243; custom_css_pricing_top=&#8221;border: none;&#8221; border_width_all=&#8221;0px&#8221; border_color_all=&#8221;RGBA(0,0,0,0)&#8221; border_style_all=&#8221;solid&#8221; box_shadow_style=&#8221;preset2&#8243; box_shadow_spread=&#8221;-5px&#8221; box_shadow_color=&#8221;#1b77bc&#8221; box_shadow_style_button=&#8221;preset1&#8243; box_shadow_vertical_button=&#8221;10px&#8221; box_shadow_blur_button=&#8221;50px&#8221; box_shadow_spread_button=&#8221;5px&#8221; box_shadow_color_button=&#8221;rgba(9,225,192,0.36)&#8221; use_border_color=&#8221;on&#8221; border_width=&#8221;0px&#8221; button_letter_spacing_hover=&#8221;2px&#8221; locked=&#8221;off&#8221; button_text_size__hover_enabled=&#8221;off&#8221; button_text_size__hover=&#8221;null&#8221; button_one_text_size__hover_enabled=&#8221;off&#8221; button_one_text_size__hover=&#8221;null&#8221; button_two_text_size__hover_enabled=&#8221;off&#8221; button_two_text_size__hover=&#8221;null&#8221; button_text_color__hover_enabled=&#8221;off&#8221; button_text_color__hover=&#8221;null&#8221; button_one_text_color__hover_enabled=&#8221;off&#8221; button_one_text_color__hover=&#8221;null&#8221; button_two_text_color__hover_enabled=&#8221;off&#8221; button_two_text_color__hover=&#8221;null&#8221; button_border_width__hover_enabled=&#8221;off&#8221; button_border_width__hover=&#8221;null&#8221; button_one_border_width__hover_enabled=&#8221;off&#8221; button_one_border_width__hover=&#8221;null&#8221; button_two_border_width__hover_enabled=&#8221;off&#8221; button_two_border_width__hover=&#8221;null&#8221; button_border_color__hover_enabled=&#8221;off&#8221; button_border_color__hover=&#8221;null&#8221; button_one_border_color__hover_enabled=&#8221;off&#8221; button_one_border_color__hover=&#8221;null&#8221; button_two_border_color__hover_enabled=&#8221;off&#8221; button_two_border_color__hover=&#8221;null&#8221; button_border_radius__hover_enabled=&#8221;off&#8221; button_border_radius__hover=&#8221;null&#8221; button_one_border_radius__hover_enabled=&#8221;off&#8221; button_one_border_radius__hover=&#8221;null&#8221; button_two_border_radius__hover_enabled=&#8221;off&#8221; button_two_border_radius__hover=&#8221;null&#8221; button_letter_spacing__hover_enabled=&#8221;on&#8221; button_letter_spacing__hover=&#8221;2px&#8221; button_one_letter_spacing__hover_enabled=&#8221;off&#8221; button_one_letter_spacing__hover=&#8221;null&#8221; button_two_letter_spacing__hover_enabled=&#8221;off&#8221; button_two_letter_spacing__hover=&#8221;null&#8221; button_bg_color__hover_enabled=&#8221;off&#8221; button_bg_color__hover=&#8221;null&#8221; button_one_bg_color__hover_enabled=&#8221;off&#8221; button_one_bg_color__hover=&#8221;null&#8221; button_two_bg_color__hover_enabled=&#8221;off&#8221; button_two_bg_color__hover=&#8221;null&#8221; sticky_enabled=&#8221;0&#8243;][et_pb_pricing_table featured=&#8221;on&#8221; title=&#8221;Opci\u00f3n Starter&#8221; currency=&#8221;\u20ac&#8221; per=&#8221;mes&#8221; sum=&#8221;15&#8243; button_url=&#8221;#&#8221; _builder_version=&#8221;4.9.4&#8243; price_text_color=&#8221;#1c6bb3&#8243; header_text_color=&#8221;#1c6bb3&#8243; header_font_size=&#8221;33px&#8221; subheader_text_color=&#8221;#1c6bb3&#8243; price_font_size=&#8221;124px&#8221; currency_frequency_text_color=&#8221;#1c6bb3&#8243; currency_frequency_font_size=&#8221;31px&#8221; custom_button=&#8221;on&#8221; button_bg_color=&#8221;#1c6bb3&#8243; button_border_color=&#8221;#1c6bb3&#8243; transform_scale=&#8221;114%|114%&#8221; custom_padding=&#8221;||97px||false|false&#8221; hover_enabled=&#8221;0&#8243; box_shadow_style=&#8221;preset4&#8243; box_shadow_horizontal=&#8221;-1px&#8221; box_shadow_vertical=&#8221;0px&#8221; box_shadow_color=&#8221;rgba(71,74,182,0.12)&#8221; box_shadow_style_button=&#8221;preset3&#8243; box_shadow_spread_button=&#8221;-80px&#8221; button_text_size__hover_enabled=&#8221;off&#8221; button_one_text_size__hover_enabled=&#8221;off&#8221; button_two_text_size__hover_enabled=&#8221;off&#8221; button_text_color__hover_enabled=&#8221;off&#8221; button_one_text_color__hover_enabled=&#8221;off&#8221; button_two_text_color__hover_enabled=&#8221;off&#8221; button_border_width__hover_enabled=&#8221;off&#8221; button_one_border_width__hover_enabled=&#8221;off&#8221; button_two_border_width__hover_enabled=&#8221;off&#8221; button_border_color__hover_enabled=&#8221;off&#8221; button_one_border_color__hover_enabled=&#8221;off&#8221; button_two_border_color__hover_enabled=&#8221;off&#8221; button_border_radius__hover_enabled=&#8221;off&#8221; button_one_border_radius__hover_enabled=&#8221;off&#8221; button_two_border_radius__hover_enabled=&#8221;off&#8221; button_letter_spacing__hover_enabled=&#8221;off&#8221; button_one_letter_spacing__hover_enabled=&#8221;off&#8221; button_two_letter_spacing__hover_enabled=&#8221;off&#8221; button_bg_color__hover_enabled=&#8221;off&#8221; button_one_bg_color__hover_enabled=&#8221;off&#8221; button_two_bg_color__hover_enabled=&#8221;off&#8221; sticky_transition=&#8221;on&#8221; header_level=&#8221;h2&#8243; sticky_enabled=&#8221;0&#8243;]<\/p>\n<p>Firma electr\u00f3nica con biometr\u00eda y 15 env\u00edos al mes<\/p>\n<p>M\u00faltiples firmantes<\/p>\n<p>Notificaciones y recordatorios<\/p>\n<p>Campos customizables<\/p>\n<p>Generaci\u00f3n de plantillas<\/p>\n<p>Soporte v\u00eda email<\/p>\n<p>[\/et_pb_pricing_table][\/et_pb_pricing_tables][\/et_pb_column][et_pb_column type=&#8221;2_3&#8243; specialty_columns=&#8221;2&#8243; _builder_version=&#8221;3.25&#8243; custom_padding=&#8221;|||&#8221; custom_padding__hover=&#8221;|||&#8221;][et_pb_row_inner _builder_version=&#8221;4.9.4&#8243; _module_preset=&#8221;default&#8221; custom_padding=&#8221;||5px|||&#8221;][et_pb_column_inner saved_specialty_column_type=&#8221;2_3&#8243; _builder_version=&#8221;4.9.4&#8243; _module_preset=&#8221;default&#8221;][et_pb_text _builder_version=&#8221;4.9.4&#8243; text_font=&#8221;Open Sans||||||||&#8221; text_line_height=&#8221;2em&#8221; header_font=&#8221;Open Sans||||||||&#8221; header_3_font=&#8221;Open Sans|900|||||||&#8221; header_3_font_size=&#8221;35px&#8221; header_3_line_height=&#8221;0.8em&#8221; header_4_font=&#8221;Open Sans|700||on|||||&#8221; header_4_text_color=&#8221;rgba(12,12,12,0.27)&#8221; header_4_font_size=&#8221;13px&#8221; header_4_letter_spacing=&#8221;3px&#8221; header_4_line_height=&#8221;1.8em&#8221; custom_margin=&#8221;-19px||2px||false|false&#8221; custom_padding=&#8221;22px|||||&#8221; header_3_font_size_tablet=&#8221;&#8221; header_3_font_size_phone=&#8221;25px&#8221; header_3_font_size_last_edited=&#8221;on|desktop&#8221; locked=&#8221;off&#8221;]<\/p>\n<h4>Tus firmas al siguiente nivel<\/h4>\n<h3>Est\u00e1s a solo un paso de<\/h3>\n<h3>contratar Bitfirma<\/h3>\n<p>Con Bitfirma podras enviar, firmar y gestionar tus frimas digitales desde cualquier plataforma, ya sea escritorio, tablet o m\u00f3vil. Accede a la app en cualquier lugar para agregar nuevos firmantes, crear plantillas de documentos, gestionar y ver los procesos de firma o para configurar tu perfil.\u00a0<\/p>\n<p>[\/et_pb_text][dsm_icon_list _builder_version=&#8221;4.9.4&#8243; _module_preset=&#8221;default&#8221; custom_margin=&#8221;23px||||false|false&#8221;][dsm_icon_list_child text=&#8221;Guarda la firma de varias personas&#8221; font_icon=&#8221;%%49%%&#8221; icon_color=&#8221;#7CDA24&#8243; icon_background_color=&#8221;RGBA(0,0,0,0)&#8221; icon_font_size=&#8221;25px&#8221; _builder_version=&#8221;4.9.4&#8243; _module_preset=&#8221;default&#8221; text_font=&#8221;Open Sans|700|||||||&#8221; text_font_size=&#8221;17px&#8221; background_color=&#8221;RGBA(0,0,0,0)&#8221; background_enable_color=&#8221;on&#8221;][\/dsm_icon_list_child][dsm_icon_list_child text=&#8221;Crea plantillas f\u00e1cilmente&#8221; font_icon=&#8221;%%49%%&#8221; icon_color=&#8221;#7CDA24&#8243; icon_background_color=&#8221;RGBA(0,0,0,0)&#8221; icon_font_size=&#8221;25px&#8221; _builder_version=&#8221;4.9.4&#8243; _module_preset=&#8221;default&#8221; text_font=&#8221;Open Sans|700|||||||&#8221; text_font_size=&#8221;17px&#8221; background_color=&#8221;RGBA(0,0,0,0)&#8221; background_enable_color=&#8221;on&#8221; custom_padding=&#8221;9px||||false|false&#8221;][\/dsm_icon_list_child][dsm_icon_list_child text=&#8221;A\u00f1ade 1 o varios firmantes&#8221; font_icon=&#8221;%%49%%&#8221; icon_color=&#8221;#7CDA24&#8243; icon_background_color=&#8221;RGBA(0,0,0,0)&#8221; icon_font_size=&#8221;25px&#8221; _builder_version=&#8221;4.9.4&#8243; _module_preset=&#8221;default&#8221; text_font=&#8221;Open Sans|700|||||||&#8221; text_font_size=&#8221;17px&#8221; background_color=&#8221;RGBA(0,0,0,0)&#8221; background_enable_color=&#8221;on&#8221; custom_padding=&#8221;9px||||false|false&#8221;][\/dsm_icon_list_child][dsm_icon_list_child text=&#8221;Env\u00eda documentos desde la propia app&#8221; font_icon=&#8221;%%49%%&#8221; icon_color=&#8221;#7CDA24&#8243; icon_background_color=&#8221;RGBA(0,0,0,0)&#8221; icon_font_size=&#8221;25px&#8221; _builder_version=&#8221;4.9.4&#8243; _module_preset=&#8221;default&#8221; text_font=&#8221;Open Sans|700|||||||&#8221; text_font_size=&#8221;17px&#8221; background_color=&#8221;RGBA(0,0,0,0)&#8221; background_enable_color=&#8221;on&#8221; custom_padding=&#8221;9px||||false|false&#8221;][\/dsm_icon_list_child][dsm_icon_list_child text=&#8221;Gestiona los procesos de firma pendientes o finalizados&#8221; font_icon=&#8221;%%49%%&#8221; icon_color=&#8221;#7CDA24&#8243; icon_background_color=&#8221;RGBA(0,0,0,0)&#8221; icon_font_size=&#8221;25px&#8221; _builder_version=&#8221;4.9.4&#8243; _module_preset=&#8221;default&#8221; text_font=&#8221;Open Sans|700|||||||&#8221; text_font_size=&#8221;17px&#8221; background_color=&#8221;RGBA(0,0,0,0)&#8221; background_enable_color=&#8221;on&#8221; custom_padding=&#8221;9px||||false|false&#8221;][\/dsm_icon_list_child][\/dsm_icon_list][et_pb_text _builder_version=&#8221;4.9.4&#8243; text_font=&#8221;Open Sans||||||||&#8221; text_line_height=&#8221;2em&#8221; header_font=&#8221;Open Sans||||||||&#8221; header_3_font=&#8221;Open Sans|900|||||||&#8221; header_3_font_size=&#8221;35px&#8221; header_3_line_height=&#8221;0.8em&#8221; header_4_font=&#8221;Open Sans|700||on|||||&#8221; header_4_text_color=&#8221;rgba(12,12,12,0.27)&#8221; header_4_font_size=&#8221;13px&#8221; header_4_letter_spacing=&#8221;3px&#8221; header_4_line_height=&#8221;1.8em&#8221; custom_margin=&#8221;-19px||2px||false|false&#8221; custom_padding=&#8221;22px||0px|||&#8221; header_3_font_size_tablet=&#8221;&#8221; header_3_font_size_phone=&#8221;25px&#8221; header_3_font_size_last_edited=&#8221;on|desktop&#8221; locked=&#8221;off&#8221;]<\/p>\n<h4><\/h4>\n<h3>Y adem\u00e1s con la opci\u00f3n Starter, disfruta de&#8230;<\/h3>\n<p>&nbsp;<\/p>\n<p>[\/et_pb_text][dsm_icon_list _builder_version=&#8221;4.9.4&#8243; _module_preset=&#8221;default&#8221; custom_margin=&#8221;-9px||-3px||false|false&#8221; hover_enabled=&#8221;0&#8243; sticky_enabled=&#8221;0&#8243;][dsm_icon_list_child text=&#8221;15 env\u00edos de firma al mes&#8221; font_icon=&#8221;%%49%%&#8221; icon_color=&#8221;#7CDA24&#8243; icon_background_color=&#8221;RGBA(0,0,0,0)&#8221; icon_font_size=&#8221;25px&#8221; _builder_version=&#8221;4.9.4&#8243; _module_preset=&#8221;default&#8221; text_font=&#8221;Open Sans|700|||||||&#8221; text_font_size=&#8221;17px&#8221; background_color=&#8221;RGBA(0,0,0,0)&#8221; background_enable_color=&#8221;on&#8221; hover_enabled=&#8221;0&#8243; sticky_enabled=&#8221;0&#8243;][\/dsm_icon_list_child][\/dsm_icon_list][et_pb_code _builder_version=&#8221;4.9.4&#8243; _module_preset=&#8221;default&#8221; custom_margin=&#8221;-28px||||false|false&#8221; custom_padding=&#8221;||0px|||&#8221; hover_enabled=&#8221;0&#8243; sticky_enabled=&#8221;0&#8243;]<script type=\"text\/javascript\" src=\"https:\/\/clientify.net\/web-marketing\/superforms\/script\/89530.js\"><\/script>[\/et_pb_code][\/et_pb_column_inner][\/et_pb_row_inner][\/et_pb_column][\/et_pb_section]<\/p>\n","protected":false},"excerpt":{"rendered":"<p>[et_pb_section fb_built=&#8221;1&#8243; specialty=&#8221;on&#8221; _builder_version=&#8221;4.9.4&#8243; _module_preset=&#8221;default&#8221;][et_pb_column type=&#8221;1_3&#8243; _builder_version=&#8221;3.25&#8243; custom_padding=&#8221;|||&#8221; custom_padding__hover=&#8221;|||&#8221;][et_pb_pricing_tables featured_table_background_color=&#8221;RGBA(0,0,0,0)&#8221; header_background_color=&#8221;rgba(0,0,0,0)&#8221; show_bullet=&#8221;off&#8221; _builder_version=&#8221;4.9.4&#8243; currency_frequency_text_color=&#8221;#9271f6&#8243; price_text_color=&#8221;#9271f6&#8243; subheader_text_color=&#8221;#8585bd&#8221; body_text_color=&#8221;#8585bd&#8221; header_text_color=&#8221;#2e2545&#8243; header_font=&#8221;|on|||&#8221; header_font_size=&#8221;20px&#8221; header_line_height=&#8221;2.7em&#8221; body_font_size=&#8221;16px&#8221; body_line_height=&#8221;19px&#8221; subheader_font=&#8221;|on|||&#8221; subheader_font_size=&#8221;14px&#8221; price_font=&#8221;|on|||&#8221; price_line_height=&#8221;54px&#8221; currency_frequency_font=&#8221;|on|||&#8221; currency_frequency_font_size=&#8221;26px&#8221; custom_button=&#8221;on&#8221; button_text_size=&#8221;16px&#8221; button_text_color=&#8221;#ffffff&#8221; button_bg_color=&#8221;#09e1c0&#8243; button_border_width=&#8221;10px&#8221; button_border_color=&#8221;#09e1c0&#8243; button_border_radius=&#8221;100px&#8221; button_letter_spacing=&#8221;1px&#8221; button_font=&#8221;|on||on|&#8221; button_use_icon=&#8221;off&#8221; text_orientation=&#8221;center&#8221; custom_margin=&#8221;|||&#8221; custom_padding=&#8221;61px||||false|false&#8221; animation_style=&#8221;zoom&#8221; animation_direction=&#8221;bottom&#8221; animation_intensity_zoom=&#8221;10%&#8221; animation_starting_opacity=&#8221;100%&#8221; hover_enabled=&#8221;0&#8243; custom_css_pricing_top=&#8221;border: none;&#8221; border_width_all=&#8221;0px&#8221; border_color_all=&#8221;RGBA(0,0,0,0)&#8221; border_style_all=&#8221;solid&#8221; box_shadow_style=&#8221;preset2&#8243; box_shadow_spread=&#8221;-5px&#8221; box_shadow_color=&#8221;#1b77bc&#8221; [&hellip;]<\/p>\n","protected":false},"author":1,"featured_media":0,"parent":0,"menu_order":0,"comment_status":"closed","ping_status":"closed","template":"","meta":{"_et_pb_use_builder":"on","_et_pb_old_content":"","_et_gb_content_width":"","_monsterinsights_skip_tracking":false,"_monsterinsights_sitenote_active":false,"_monsterinsights_sitenote_note":"","_monsterinsights_sitenote_category":0,"_joinchat":[],"footnotes":""},"class_list":["post-249","page","type-page","status-publish","hentry"],"aioseo_notices":[],"yoast_head":"<!-- This site is optimized with the Yoast SEO plugin v19.4 - https:\/\/yoast.com\/wordpress\/plugins\/seo\/ -->\n<title>Pack STARTER - Bitfirma - Firma electr\u00f3nica para empresas<\/title>\n<meta name=\"robots\" content=\"index, follow, max-snippet:-1, max-image-preview:large, max-video-preview:-1\" \/>\n<link rel=\"canonical\" href=\"https:\/\/bitfirma.com\/index.php\/pack-starter\/\" \/>\n<meta property=\"og:locale\" content=\"es_ES\" \/>\n<meta property=\"og:type\" content=\"article\" \/>\n<meta property=\"og:title\" content=\"Pack STARTER - Bitfirma - Firma electr\u00f3nica para empresas\" \/>\n<meta property=\"og:description\" content=\"[et_pb_section fb_built=&#8221;1&#8243; specialty=&#8221;on&#8221; _builder_version=&#8221;4.9.4&#8243; _module_preset=&#8221;default&#8221;][et_pb_column type=&#8221;1_3&#8243; _builder_version=&#8221;3.25&#8243; custom_padding=&#8221;|||&#8221; custom_padding__hover=&#8221;|||&#8221;][et_pb_pricing_tables featured_table_background_color=&#8221;RGBA(0,0,0,0)&#8221; header_background_color=&#8221;rgba(0,0,0,0)&#8221; show_bullet=&#8221;off&#8221; _builder_version=&#8221;4.9.4&#8243; currency_frequency_text_color=&#8221;#9271f6&#8243; price_text_color=&#8221;#9271f6&#8243; subheader_text_color=&#8221;#8585bd&#8221; body_text_color=&#8221;#8585bd&#8221; header_text_color=&#8221;#2e2545&#8243; header_font=&#8221;|on|||&#8221; header_font_size=&#8221;20px&#8221; header_line_height=&#8221;2.7em&#8221; body_font_size=&#8221;16px&#8221; body_line_height=&#8221;19px&#8221; subheader_font=&#8221;|on|||&#8221; subheader_font_size=&#8221;14px&#8221; price_font=&#8221;|on|||&#8221; price_line_height=&#8221;54px&#8221; currency_frequency_font=&#8221;|on|||&#8221; currency_frequency_font_size=&#8221;26px&#8221; custom_button=&#8221;on&#8221; button_text_size=&#8221;16px&#8221; button_text_color=&#8221;#ffffff&#8221; button_bg_color=&#8221;#09e1c0&#8243; button_border_width=&#8221;10px&#8221; button_border_color=&#8221;#09e1c0&#8243; button_border_radius=&#8221;100px&#8221; button_letter_spacing=&#8221;1px&#8221; button_font=&#8221;|on||on|&#8221; button_use_icon=&#8221;off&#8221; text_orientation=&#8221;center&#8221; custom_margin=&#8221;|||&#8221; custom_padding=&#8221;61px||||false|false&#8221; animation_style=&#8221;zoom&#8221; animation_direction=&#8221;bottom&#8221; animation_intensity_zoom=&#8221;10%&#8221; animation_starting_opacity=&#8221;100%&#8221; hover_enabled=&#8221;0&#8243; custom_css_pricing_top=&#8221;border: none;&#8221; border_width_all=&#8221;0px&#8221; border_color_all=&#8221;RGBA(0,0,0,0)&#8221; border_style_all=&#8221;solid&#8221; box_shadow_style=&#8221;preset2&#8243; box_shadow_spread=&#8221;-5px&#8221; box_shadow_color=&#8221;#1b77bc&#8221; [&hellip;]\" \/>\n<meta property=\"og:url\" content=\"https:\/\/bitfirma.com\/index.php\/pack-starter\/\" \/>\n<meta property=\"og:site_name\" content=\"Bitfirma - Firma electr\u00f3nica para empresas\" \/>\n<meta property=\"article:modified_time\" content=\"2022-08-11T11:17:54+00:00\" \/>\n<meta name=\"twitter:card\" content=\"summary_large_image\" \/>\n<meta name=\"twitter:label1\" content=\"Tiempo de lectura\" \/>\n\t<meta name=\"twitter:data1\" content=\"3 minutos\" \/>\n<script type=\"application\/ld+json\" class=\"yoast-schema-graph\">{\"@context\":\"https:\/\/schema.org\",\"@graph\":[{\"@type\":\"WebSite\",\"@id\":\"https:\/\/bitfirma.com\/#website\",\"url\":\"https:\/\/bitfirma.com\/\",\"name\":\"Bitfirma - Firma electr\u00f3nica para empresas\",\"description\":\"Env\u00eda, firma y gestiona tus firmas electr\u00f3nicas\",\"potentialAction\":[{\"@type\":\"SearchAction\",\"target\":{\"@type\":\"EntryPoint\",\"urlTemplate\":\"https:\/\/bitfirma.com\/?s={search_term_string}\"},\"query-input\":\"required name=search_term_string\"}],\"inLanguage\":\"es\"},{\"@type\":\"WebPage\",\"@id\":\"https:\/\/bitfirma.com\/index.php\/pack-starter\/\",\"url\":\"https:\/\/bitfirma.com\/index.php\/pack-starter\/\",\"name\":\"Pack STARTER - Bitfirma - Firma electr\u00f3nica para empresas\",\"isPartOf\":{\"@id\":\"https:\/\/bitfirma.com\/#website\"},\"datePublished\":\"2022-08-11T11:06:08+00:00\",\"dateModified\":\"2022-08-11T11:17:54+00:00\",\"breadcrumb\":{\"@id\":\"https:\/\/bitfirma.com\/index.php\/pack-starter\/#breadcrumb\"},\"inLanguage\":\"es\",\"potentialAction\":[{\"@type\":\"ReadAction\",\"target\":[\"https:\/\/bitfirma.com\/index.php\/pack-starter\/\"]}]},{\"@type\":\"BreadcrumbList\",\"@id\":\"https:\/\/bitfirma.com\/index.php\/pack-starter\/#breadcrumb\",\"itemListElement\":[{\"@type\":\"ListItem\",\"position\":1,\"name\":\"Portada\",\"item\":\"https:\/\/bitfirma.com\/\"},{\"@type\":\"ListItem\",\"position\":2,\"name\":\"Pack STARTER\"}]}]}<\/script>\n<!-- \/ Yoast SEO plugin. -->","yoast_head_json":{"title":"Pack STARTER - Bitfirma - Firma electr\u00f3nica para empresas","robots":{"index":"index","follow":"follow","max-snippet":"max-snippet:-1","max-image-preview":"max-image-preview:large","max-video-preview":"max-video-preview:-1"},"canonical":"https:\/\/bitfirma.com\/index.php\/pack-starter\/","og_locale":"es_ES","og_type":"article","og_title":"Pack STARTER - Bitfirma - Firma electr\u00f3nica para empresas","og_description":"[et_pb_section fb_built=&#8221;1&#8243; specialty=&#8221;on&#8221; _builder_version=&#8221;4.9.4&#8243; _module_preset=&#8221;default&#8221;][et_pb_column type=&#8221;1_3&#8243; _builder_version=&#8221;3.25&#8243; custom_padding=&#8221;|||&#8221; custom_padding__hover=&#8221;|||&#8221;][et_pb_pricing_tables featured_table_background_color=&#8221;RGBA(0,0,0,0)&#8221; header_background_color=&#8221;rgba(0,0,0,0)&#8221; show_bullet=&#8221;off&#8221; _builder_version=&#8221;4.9.4&#8243; currency_frequency_text_color=&#8221;#9271f6&#8243; price_text_color=&#8221;#9271f6&#8243; subheader_text_color=&#8221;#8585bd&#8221; body_text_color=&#8221;#8585bd&#8221; header_text_color=&#8221;#2e2545&#8243; header_font=&#8221;|on|||&#8221; header_font_size=&#8221;20px&#8221; header_line_height=&#8221;2.7em&#8221; body_font_size=&#8221;16px&#8221; body_line_height=&#8221;19px&#8221; subheader_font=&#8221;|on|||&#8221; subheader_font_size=&#8221;14px&#8221; price_font=&#8221;|on|||&#8221; price_line_height=&#8221;54px&#8221; currency_frequency_font=&#8221;|on|||&#8221; currency_frequency_font_size=&#8221;26px&#8221; custom_button=&#8221;on&#8221; button_text_size=&#8221;16px&#8221; button_text_color=&#8221;#ffffff&#8221; button_bg_color=&#8221;#09e1c0&#8243; button_border_width=&#8221;10px&#8221; button_border_color=&#8221;#09e1c0&#8243; button_border_radius=&#8221;100px&#8221; button_letter_spacing=&#8221;1px&#8221; button_font=&#8221;|on||on|&#8221; button_use_icon=&#8221;off&#8221; text_orientation=&#8221;center&#8221; custom_margin=&#8221;|||&#8221; custom_padding=&#8221;61px||||false|false&#8221; animation_style=&#8221;zoom&#8221; animation_direction=&#8221;bottom&#8221; animation_intensity_zoom=&#8221;10%&#8221; animation_starting_opacity=&#8221;100%&#8221; hover_enabled=&#8221;0&#8243; custom_css_pricing_top=&#8221;border: none;&#8221; border_width_all=&#8221;0px&#8221; border_color_all=&#8221;RGBA(0,0,0,0)&#8221; border_style_all=&#8221;solid&#8221; box_shadow_style=&#8221;preset2&#8243; box_shadow_spread=&#8221;-5px&#8221; box_shadow_color=&#8221;#1b77bc&#8221; [&hellip;]","og_url":"https:\/\/bitfirma.com\/index.php\/pack-starter\/","og_site_name":"Bitfirma - Firma electr\u00f3nica para empresas","article_modified_time":"2022-08-11T11:17:54+00:00","twitter_card":"summary_large_image","twitter_misc":{"Tiempo de lectura":"3 minutos"},"schema":{"@context":"https:\/\/schema.org","@graph":[{"@type":"WebSite","@id":"https:\/\/bitfirma.com\/#website","url":"https:\/\/bitfirma.com\/","name":"Bitfirma - Firma electr\u00f3nica para empresas","description":"Env\u00eda, firma y gestiona tus firmas electr\u00f3nicas","potentialAction":[{"@type":"SearchAction","target":{"@type":"EntryPoint","urlTemplate":"https:\/\/bitfirma.com\/?s={search_term_string}"},"query-input":"required name=search_term_string"}],"inLanguage":"es"},{"@type":"WebPage","@id":"https:\/\/bitfirma.com\/index.php\/pack-starter\/","url":"https:\/\/bitfirma.com\/index.php\/pack-starter\/","name":"Pack STARTER - Bitfirma - Firma electr\u00f3nica para empresas","isPartOf":{"@id":"https:\/\/bitfirma.com\/#website"},"datePublished":"2022-08-11T11:06:08+00:00","dateModified":"2022-08-11T11:17:54+00:00","breadcrumb":{"@id":"https:\/\/bitfirma.com\/index.php\/pack-starter\/#breadcrumb"},"inLanguage":"es","potentialAction":[{"@type":"ReadAction","target":["https:\/\/bitfirma.com\/index.php\/pack-starter\/"]}]},{"@type":"BreadcrumbList","@id":"https:\/\/bitfirma.com\/index.php\/pack-starter\/#breadcrumb","itemListElement":[{"@type":"ListItem","position":1,"name":"Portada","item":"https:\/\/bitfirma.com\/"},{"@type":"ListItem","position":2,"name":"Pack STARTER"}]}]}},"_links":{"self":[{"href":"https:\/\/bitfirma.com\/index.php\/wp-json\/wp\/v2\/pages\/249","targetHints":{"allow":["GET"]}}],"collection":[{"href":"https:\/\/bitfirma.com\/index.php\/wp-json\/wp\/v2\/pages"}],"about":[{"href":"https:\/\/bitfirma.com\/index.php\/wp-json\/wp\/v2\/types\/page"}],"author":[{"embeddable":true,"href":"https:\/\/bitfirma.com\/index.php\/wp-json\/wp\/v2\/users\/1"}],"replies":[{"embeddable":true,"href":"https:\/\/bitfirma.com\/index.php\/wp-json\/wp\/v2\/comments?post=249"}],"version-history":[{"count":4,"href":"https:\/\/bitfirma.com\/index.php\/wp-json\/wp\/v2\/pages\/249\/revisions"}],"predecessor-version":[{"id":257,"href":"https:\/\/bitfirma.com\/index.php\/wp-json\/wp\/v2\/pages\/249\/revisions\/257"}],"wp:attachment":[{"href":"https:\/\/bitfirma.com\/index.php\/wp-json\/wp\/v2\/media?parent=249"}],"curies":[{"name":"wp","href":"https:\/\/api.w.org\/{rel}","templated":true}]}}